{"id":922,"date":"2026-03-03T09:51:58","date_gmt":"2026-03-03T09:51:58","guid":{"rendered":"https:\/\/raigrinda.lt\/product\/spiked-roller-25-cm-with-guard\/"},"modified":"2026-04-05T13:00:19","modified_gmt":"2026-04-05T13:00:19","slug":"spiked-roller-25-cm-with-guard","status":"publish","type":"product","link":"https:\/\/raigrinda.lt\/en\/product\/spiked-roller-25-cm-with-guard\/","title":{"rendered":"Spiked Roller 25cm. With Guard"},"content":{"rendered":"<p data-start=\"42\" data-end=\"290\"><strong data-start=\"42\" data-end=\"81\">Spiked roller 25 cm with guard<\/strong> \u2013 a professional tool designed for spreading leveling compound and removing air bubbles. The 25 cm wide roller ensures fast and even work, while the plastic guard protects <span class=\"Y2IQFc\" lang=\"lt\">against splashing to avoid excess spray when rolling freshly applied leveling compound.<\/span><\/p>\n<p data-start=\"292\" data-end=\"474\">\u2714 Used for leveling self-leveling compound and removing air bubbles<br data-start=\"314\" data-end=\"317\" \/>\u2714 25 cm wide roller<br data-start=\"375\" data-end=\"378\" \/>\u2714 Spike length &#8211; 20 mm<br data-start=\"406\" data-end=\"409\" \/>\u2714 With plastic guard for comfortable work<br data-start=\"444\" data-end=\"447\" \/>\u2714 Durable stainless steel handle<\/p>\n<p id=\"tw-target-text\" class=\"tw-data-text tw-text-large tw-ta\" dir=\"ltr\" tabindex=\"-1\" role=\"text\" data-placeholder=\"Vertimas\" data-ved=\"2ahUKEwiMu6Xwir2TAxXVhf0HHVyHLCsQ3ewLegQIDBAX\" aria-label=\"I\u0161verstas tekstas: 25 cm ilgio smailusis volelis turi metalin\u012f karkas\u0105 su rankenos \u012fd\u0117klu ir plastikine apsauga nuo ta\u0161kymosi, kad b\u016bt\u0173 i\u0161vengta perteklinio pur\u0161kimo, kai voluojamas naujai u\u017eteptas i\u0161lyginamasis mi\u0161inys. 20 mm plastikiniai smaigai padeda pradurti lygintuv\u0105 ir kontroliuoja aeracij\u0105, pad\u0117dami tolygiau sustingti pasirinktam i\u0161lyginamajam mi\u0161iniui. Prailginimo rankenas galima \u012fsigyti atskirai.\"><span class=\"Y2IQFc\" lang=\"lt\">Extension handles sold separately<\/span><\/p>\n<pre id=\"tw-target-text\" class=\"tw-data-text tw-text-large tw-ta\" dir=\"ltr\" tabindex=\"-1\" role=\"text\" data-placeholder=\"Vertimas\" data-ved=\"2ahUKEwiMu6Xwir2TAxXVhf0HHVyHLCsQ3ewLegQIDBAX\" aria-label=\"I\u0161verstas tekstas: 25 cm ilgio smailusis volelis turi metalin\u012f karkas\u0105 su rankenos \u012fd\u0117klu ir plastikine apsauga nuo ta\u0161kymosi, kad b\u016bt\u0173 i\u0161vengta perteklinio pur\u0161kimo, kai voluojamas naujai u\u017eteptas i\u0161lyginamasis mi\u0161inys. 20 mm plastikiniai smaigai padeda pradurti lygintuv\u0105 ir kontroliuoja aeracij\u0105, pad\u0117dami tolygiau sustingti pasirinktam i\u0161lyginamajam mi\u0161iniui. Prailginimo rankenas galima \u012fsigyti atskirai.\"><\/pre>\n","protected":false},"excerpt":{"rendered":"<p>Spiked roller 25 cm with guard \u2013 a professional tool designed for spreading leveling compound and removing air bubbles. The 25 cm wide roller ensures fast and even work, while the plastic guard protects against splashing to avoid excess spray when rolling freshly applied leveling compound. \u2714 Used for leveling self-leveling compound and removing air [&hellip;]<\/p>\n","protected":false},"featured_media":1164,"template":"","meta":[],"product_brand":[],"product_cat":[36],"product_tag":[],"class_list":{"0":"post-922","1":"product","2":"type-product","3":"status-publish","4":"has-post-thumbnail","6":"product_cat-all-products","8":"first","9":"instock","10":"shipping-taxable","11":"purchasable","12":"product-type-simple"},"_links":{"self":[{"href":"https:\/\/raigrinda.lt\/en\/wp-json\/wp\/v2\/product\/922","targetHints":{"allow":["GET"]}}],"collection":[{"href":"https:\/\/raigrinda.lt\/en\/wp-json\/wp\/v2\/product"}],"about":[{"href":"https:\/\/raigrinda.lt\/en\/wp-json\/wp\/v2\/types\/product"}],"wp:featuredmedia":[{"embeddable":true,"href":"https:\/\/raigrinda.lt\/en\/wp-json\/wp\/v2\/media\/1164"}],"wp:attachment":[{"href":"https:\/\/raigrinda.lt\/en\/wp-json\/wp\/v2\/media?parent=922"}],"wp:term":[{"taxonomy":"product_brand","embeddable":true,"href":"https:\/\/raigrinda.lt\/en\/wp-json\/wp\/v2\/product_brand?post=922"},{"taxonomy":"product_cat","embeddable":true,"href":"https:\/\/raigrinda.lt\/en\/wp-json\/wp\/v2\/product_cat?post=922"},{"taxonomy":"product_tag","embeddable":true,"href":"https:\/\/raigrinda.lt\/en\/wp-json\/wp\/v2\/product_tag?post=922"}],"curies":[{"name":"wp","href":"https:\/\/api.w.org\/{rel}","templated":true}]}}