{"id":942,"date":"2026-03-03T09:48:23","date_gmt":"2026-03-03T09:48:23","guid":{"rendered":"https:\/\/raigrinda.lt\/product\/knives-with-replaceable-blades\/"},"modified":"2026-04-05T13:02:17","modified_gmt":"2026-04-05T13:02:17","slug":"knives-with-replaceable-blades","status":"publish","type":"product","link":"https:\/\/raigrinda.lt\/en\/product\/knives-with-replaceable-blades\/","title":{"rendered":"Delphin Utility Knives with Replaceable Blades"},"content":{"rendered":"<h4>The Delphin Knife \u2013 A Professional&#8217;s Choice<\/h4>\n<p><span class=\"Y2IQFc\" lang=\"lt\">The Delphin knife is suitable for cutting packaging material, bituminous sheets, roofing felt, carpets, PVC flooring, PVC film, foam, and insulation materials.<\/span><\/p>\n<h4 style=\"text-align: left;\" data-path-to-node=\"4\">We recommend choosing it for its features, such as:<\/h4>\n<p style=\"text-align: left;\" data-path-to-node=\"5,0,0\"><b data-path-to-node=\"5,0,0\" data-index-in-node=\"0\">\u2714 Efficiency:<\/b> Thanks to a special thumb screw and hinge mechanism, the knife opens in just <b data-path-to-node=\"5,0,0\" data-index-in-node=\"95\">3 turns<\/b>.<\/p>\n<p style=\"text-align: left;\" data-path-to-node=\"5,1,0\"><b data-path-to-node=\"5,1,0\" data-index-in-node=\"0\">\u2714 Quick Blade Change:<\/b> The rear hinge allows for instant blade replacement, and no additional alignment is needed when closing the mechanism.<\/p>\n<p style=\"text-align: left;\" data-path-to-node=\"5,2,0\"><b data-path-to-node=\"5,2,0\" data-index-in-node=\"0\">\u2714 Integrated Magazine:<\/b> The internal compartment securely holds up to <b data-path-to-node=\"5,2,0\" data-index-in-node=\"56\">10 spare blades<\/b>. <span class=\"Y2IQFc\" lang=\"lt\">The knife also features an internal magnet to prevent blades from falling out.<\/span><\/p>\n<p style=\"text-align: left;\" data-path-to-node=\"5,3,0\"><b data-path-to-node=\"5,3,0\" data-index-in-node=\"0\">\u2714 Quality:<\/b> Made from high-quality aluminum. <span class=\"Y2IQFc\" lang=\"lt\">Excellent ergonomic shape with a very sturdy and comfortable handle.<\/span><\/p>\n<p id=\"tw-target-text\" class=\"tw-data-text tw-text-large tw-ta\" dir=\"ltr\" tabindex=\"-1\" role=\"text\" data-placeholder=\"Vertimas\" data-ved=\"2ahUKEwikj_Cq-8WTAxXuAtsEHY73OAoQ3ewLegQIDBAW\" aria-label=\"I\u0161verstas tekstas: Originalus matin\u0117s juodos ir violetin\u0117s spalvos \u201eDelphin\u201c peilis yra populiariausias grind\u0173 peilis tarp montuotoj\u0173 d\u0117l savo ergonomi\u0161kos formos ir patvarumo. \u201eDelphin\u201c peiliu galima pjauti kilimus, PVC dangas, bitumines plok\u0161tes, izoliacines med\u017eiagas ir daug daugiau. Jame yra greito a\u0161men\u0173 keitimo funkcija, vidinis a\u0161men\u0173 skyrius ir saugus laikymas pridedamame plastikiniame laikiklyje. Originalus \u201eDelphin\u201c prek\u0117s \u017eenklas yra daugelio pramon\u0117s specialist\u0173 pasitikimas ir da\u017eniausiai m\u0117gstamas d\u0117l plataus spalv\u0173 asortimento. \u201eDelphin\u201c peilis taip pat puikiai tinka pjauti pakavimo med\u017eiag\u0105, bitumines plok\u0161tes, stogo dangos veltin\u012f, kilimus, PVC grind\u0173 dang\u0105, PVC folij\u0105, putplast\u012f ir izoliacines med\u017eiagas. D\u0117klas yra komplekte, bet a\u0161menys parduodami atskirai. Per\u017ei\u016br\u0117kite asortiment\u0105 \u010dia\"><span class=\"Y2IQFc\" lang=\"lt\">This is the most popular tool among carpet and hard flooring installers.<\/span><\/p>\n","protected":false},"excerpt":{"rendered":"<p>The Delphin Knife \u2013 A Professional&#8217;s Choice The Delphin knife is suitable for cutting packaging material, bituminous sheets, roofing felt, carpets, PVC flooring, PVC film, foam, and insulation materials. We recommend choosing it for its features, such as: \u2714 Efficiency: Thanks to a special thumb screw and hinge mechanism, the knife opens in just 3 [&hellip;]<\/p>\n","protected":false},"featured_media":1171,"template":"","meta":[],"product_brand":[51],"product_cat":[36],"product_tag":[],"class_list":{"0":"post-942","1":"product","2":"type-product","3":"status-publish","4":"has-post-thumbnail","6":"product_brand-delphin","7":"product_cat-all-products","9":"first","10":"instock","11":"shipping-taxable","12":"purchasable","13":"product-type-variable"},"_links":{"self":[{"href":"https:\/\/raigrinda.lt\/en\/wp-json\/wp\/v2\/product\/942","targetHints":{"allow":["GET"]}}],"collection":[{"href":"https:\/\/raigrinda.lt\/en\/wp-json\/wp\/v2\/product"}],"about":[{"href":"https:\/\/raigrinda.lt\/en\/wp-json\/wp\/v2\/types\/product"}],"wp:featuredmedia":[{"embeddable":true,"href":"https:\/\/raigrinda.lt\/en\/wp-json\/wp\/v2\/media\/1171"}],"wp:attachment":[{"href":"https:\/\/raigrinda.lt\/en\/wp-json\/wp\/v2\/media?parent=942"}],"wp:term":[{"taxonomy":"product_brand","embeddable":true,"href":"https:\/\/raigrinda.lt\/en\/wp-json\/wp\/v2\/product_brand?post=942"},{"taxonomy":"product_cat","embeddable":true,"href":"https:\/\/raigrinda.lt\/en\/wp-json\/wp\/v2\/product_cat?post=942"},{"taxonomy":"product_tag","embeddable":true,"href":"https:\/\/raigrinda.lt\/en\/wp-json\/wp\/v2\/product_tag?post=942"}],"curies":[{"name":"wp","href":"https:\/\/api.w.org\/{rel}","templated":true}]}}